{"id":10,"date":"2023-08-23T10:56:19","date_gmt":"2023-08-23T10:56:19","guid":{"rendered":"https:\/\/taxfix.com.pl\/?page_id=10"},"modified":"2024-01-16T15:40:17","modified_gmt":"2024-01-16T15:40:17","slug":"o-nas","status":"publish","type":"page","link":"https:\/\/taxfix.com.pl\/","title":{"rendered":"HOME"},"content":{"rendered":"\t\t<div data-elementor-type=\"wp-page\" data-elementor-id=\"10\" class=\"elementor elementor-10\">\n\t\t\t\t\t\t\t<div class=\"elementor-element elementor-element-412a960 e-flex e-con-boxed e-con\" data-id=\"412a960\" data-element_type=\"container\" data-settings=\"{&quot;background_background&quot;:&quot;classic&quot;,&quot;content_width&quot;:&quot;boxed&quot;}\">\n\t\t\t\t\t<div class=\"e-con-inner\">\n\t\t<div class=\"elementor-element elementor-element-3b4afc9 e-con-full e-flex e-con\" data-id=\"3b4afc9\" data-element_type=\"container\" data-settings=\"{&quot;content_width&quot;:&quot;full&quot;}\">\n\t\t\t\t<div class=\"elementor-element elementor-element-63bf44b elementor-widget elementor-widget-heading\" data-id=\"63bf44b\" data-element_type=\"widget\" data-widget_type=\"heading.default\">\n\t\t\t\t<div class=\"elementor-widget-container\">\n\t\t\t<style>\/*! elementor - v3.15.0 - 20-08-2023 *\/\n.elementor-heading-title{padding:0;margin:0;line-height:1}.elementor-widget-heading .elementor-heading-title[class*=elementor-size-]>a{color:inherit;font-size:inherit;line-height:inherit}.elementor-widget-heading .elementor-heading-title.elementor-size-small{font-size:15px}.elementor-widget-heading .elementor-heading-title.elementor-size-medium{font-size:19px}.elementor-widget-heading .elementor-heading-title.elementor-size-large{font-size:29px}.elementor-widget-heading .elementor-heading-title.elementor-size-xl{font-size:39px}.elementor-widget-heading .elementor-heading-title.elementor-size-xxl{font-size:59px}<\/style><h2 class=\"elementor-heading-title elementor-size-default\">Ius est ars boni et aequi<\/h2>\t\t<\/div>\n\t\t\t\t<\/div>\n\t\t\t\t<\/div>\n\t\t<div class=\"elementor-element elementor-element-fa7e257 e-con-full e-flex e-con\" data-id=\"fa7e257\" data-element_type=\"container\" data-settings=\"{&quot;content_width&quot;:&quot;full&quot;}\">\n\t\t\t\t<\/div>\n\t\t\t\t\t<\/div>\n\t\t\t\t<\/div>\n\t\t<div class=\"elementor-element elementor-element-784df77 e-flex e-con-boxed e-con\" data-id=\"784df77\" data-element_type=\"container\" data-settings=\"{&quot;background_background&quot;:&quot;classic&quot;,&quot;content_width&quot;:&quot;boxed&quot;}\">\n\t\t\t\t\t<div class=\"e-con-inner\">\n\t\t<div class=\"elementor-element elementor-element-e65f3b7 e-con-full e-flex e-con\" data-id=\"e65f3b7\" data-element_type=\"container\" data-settings=\"{&quot;content_width&quot;:&quot;full&quot;}\">\n\t\t\t\t<div class=\"elementor-element elementor-element-37f53c1 elementor-widget elementor-widget-heading\" data-id=\"37f53c1\" data-element_type=\"widget\" data-widget_type=\"heading.default\">\n\t\t\t\t<div class=\"elementor-widget-container\">\n\t\t\t<h2 class=\"elementor-heading-title elementor-size-default\">OFERTA<\/h2>\t\t<\/div>\n\t\t\t\t<\/div>\n\t\t\t\t<div class=\"elementor-element elementor-element-b16d0a9 elementor-widget elementor-widget-text-editor\" data-id=\"b16d0a9\" data-element_type=\"widget\" data-widget_type=\"text-editor.default\">\n\t\t\t\t<div class=\"elementor-widget-container\">\n\t\t\t<style>\/*! elementor - v3.15.0 - 20-08-2023 *\/\n.elementor-widget-text-editor.elementor-drop-cap-view-stacked .elementor-drop-cap{background-color:#69727d;color:#fff}.elementor-widget-text-editor.elementor-drop-cap-view-framed .elementor-drop-cap{color:#69727d;border:3px solid;background-color:transparent}.elementor-widget-text-editor:not(.elementor-drop-cap-view-default) .elementor-drop-cap{margin-top:8px}.elementor-widget-text-editor:not(.elementor-drop-cap-view-default) .elementor-drop-cap-letter{width:1em;height:1em}.elementor-widget-text-editor .elementor-drop-cap{float:left;text-align:center;line-height:1;font-size:50px}.elementor-widget-text-editor .elementor-drop-cap-letter{display:inline-block}<\/style>\t\t\t\t<p>DORADZTWO PODATKOWE<br \/>KSI\u0118GOWO\u015a\u0106<br \/>SP\u00d3\u0141KI ZAGRANICZNE<\/p>\t\t\t\t\t\t<\/div>\n\t\t\t\t<\/div>\n\t\t\t\t<\/div>\n\t\t<div class=\"elementor-element elementor-element-ae8c04d e-con-full e-flex e-con\" data-id=\"ae8c04d\" data-element_type=\"container\" data-settings=\"{&quot;content_width&quot;:&quot;full&quot;}\">\n\t\t\t\t<div class=\"elementor-element elementor-element-44831c9 elementor-widget elementor-widget-heading\" data-id=\"44831c9\" data-element_type=\"widget\" data-widget_type=\"heading.default\">\n\t\t\t\t<div class=\"elementor-widget-container\">\n\t\t\t<h2 class=\"elementor-heading-title elementor-size-default\">PODATKI<\/h2>\t\t<\/div>\n\t\t\t\t<\/div>\n\t\t\t\t<div class=\"elementor-element elementor-element-26ac7c0 elementor-widget elementor-widget-text-editor\" data-id=\"26ac7c0\" data-element_type=\"widget\" data-widget_type=\"text-editor.default\">\n\t\t\t\t<div class=\"elementor-widget-container\">\n\t\t\t\t\t\t\t<p>PLANOWANIE PODATKOWE<br \/>CIT ESTO\u0143SKI<br \/>FUNDACJA RODZINNA<br \/>DOCHODY TRANSGRANICZNE<br \/>ZMIANA REZYDENCJI PODATKOWEJ<\/p>\t\t\t\t\t\t<\/div>\n\t\t\t\t<\/div>\n\t\t\t\t<\/div>\n\t\t<div class=\"elementor-element elementor-element-85d2989 e-con-full e-flex e-con\" data-id=\"85d2989\" data-element_type=\"container\" data-settings=\"{&quot;content_width&quot;:&quot;full&quot;}\">\n\t\t\t\t<div class=\"elementor-element elementor-element-5ee00bf elementor-widget elementor-widget-heading\" data-id=\"5ee00bf\" data-element_type=\"widget\" data-widget_type=\"heading.default\">\n\t\t\t\t<div class=\"elementor-widget-container\">\n\t\t\t<h2 class=\"elementor-heading-title elementor-size-default\">NOWE  TECHNOLOGIE<\/h2>\t\t<\/div>\n\t\t\t\t<\/div>\n\t\t\t\t<div class=\"elementor-element elementor-element-ff0e33a elementor-widget elementor-widget-text-editor\" data-id=\"ff0e33a\" data-element_type=\"widget\" data-widget_type=\"text-editor.default\">\n\t\t\t\t<div class=\"elementor-widget-container\">\n\t\t\t\t\t\t\t<p>WALUTY WIRTUALNE<br \/>OPODATKOWANIE ROBOT\u00d3W<br \/>PODATKI GLOBALNE<\/p>\t\t\t\t\t\t<\/div>\n\t\t\t\t<\/div>\n\t\t\t\t<\/div>\n\t\t\t\t\t<\/div>\n\t\t\t\t<\/div>\n\t\t<div class=\"elementor-element elementor-element-be0ab7d e-flex e-con-boxed e-con\" data-id=\"be0ab7d\" data-element_type=\"container\" data-settings=\"{&quot;background_background&quot;:&quot;classic&quot;,&quot;content_width&quot;:&quot;boxed&quot;}\">\n\t\t\t\t\t<div class=\"e-con-inner\">\n\t\t<div class=\"elementor-element elementor-element-073fdb1 e-con-full e-flex e-con\" data-id=\"073fdb1\" data-element_type=\"container\" data-settings=\"{&quot;content_width&quot;:&quot;full&quot;}\">\n\t\t\t\t<div class=\"elementor-element elementor-element-2b32a01 elementor-widget elementor-widget-image\" data-id=\"2b32a01\" data-element_type=\"widget\" data-widget_type=\"image.default\">\n\t\t\t\t<div class=\"elementor-widget-container\">\n\t\t\t<style>\/*! elementor - v3.15.0 - 20-08-2023 *\/\n.elementor-widget-image{text-align:center}.elementor-widget-image a{display:inline-block}.elementor-widget-image a img[src$=\".svg\"]{width:48px}.elementor-widget-image img{vertical-align:middle;display:inline-block}<\/style>\t\t\t\t\t\t\t\t\t\t\t\t<img loading=\"lazy\" decoding=\"async\" width=\"300\" height=\"57\" src=\"https:\/\/taxfix.com.pl\/wp-content\/uploads\/2023\/08\/grafika_logo_paski.zlote-png-300x57.png\" class=\"attachment-medium size-medium wp-image-190\" alt=\"\" srcset=\"https:\/\/taxfix.com.pl\/wp-content\/uploads\/2023\/08\/grafika_logo_paski.zlote-png-300x57.png 300w, https:\/\/taxfix.com.pl\/wp-content\/uploads\/2023\/08\/grafika_logo_paski.zlote-png.png 600w\" sizes=\"auto, (max-width: 300px) 100vw, 300px\" \/>\t\t\t\t\t\t\t\t\t\t\t\t\t\t\t<\/div>\n\t\t\t\t<\/div>\n\t\t\t\t<div class=\"elementor-element elementor-element-0648d93 elementor-widget elementor-widget-counter\" data-id=\"0648d93\" data-element_type=\"widget\" data-widget_type=\"counter.default\">\n\t\t\t\t<div class=\"elementor-widget-container\">\n\t\t\t<style>\/*! elementor - v3.15.0 - 20-08-2023 *\/\n.elementor-counter .elementor-counter-number-wrapper{display:flex;font-size:69px;font-weight:600;line-height:1}.elementor-counter .elementor-counter-number-prefix,.elementor-counter .elementor-counter-number-suffix{flex-grow:1;white-space:pre-wrap}.elementor-counter .elementor-counter-number-prefix{text-align:right}.elementor-counter .elementor-counter-number-suffix{text-align:left}.elementor-counter .elementor-counter-title{text-align:center;font-size:19px;font-weight:400;line-height:2.5}<\/style>\t\t<div class=\"elementor-counter\">\n\t\t\t<div class=\"elementor-counter-number-wrapper\">\n\t\t\t\t<span class=\"elementor-counter-number-prefix\"><\/span>\n\t\t\t\t<span class=\"elementor-counter-number\" data-duration=\"2000\" data-to-value=\"5346\" data-from-value=\"0\">0<\/span>\n\t\t\t\t<span class=\"elementor-counter-number-suffix\"><\/span>\n\t\t\t<\/div>\n\t\t\t\t\t\t\t<div class=\"elementor-counter-title\">ROZLICZONYCH FAKTUR<\/div>\n\t\t\t\t\t<\/div>\n\t\t\t\t<\/div>\n\t\t\t\t<\/div>\n\t\t\t\t<\/div>\n\t\t<div class=\"elementor-element elementor-element-59d1ff0 e-con-full e-flex e-con\" data-id=\"59d1ff0\" data-element_type=\"container\" data-settings=\"{&quot;content_width&quot;:&quot;full&quot;}\">\n\t\t\t\t<div class=\"elementor-element elementor-element-224f9e9 elementor-widget elementor-widget-image\" data-id=\"224f9e9\" data-element_type=\"widget\" data-widget_type=\"image.default\">\n\t\t\t\t<div class=\"elementor-widget-container\">\n\t\t\t\t\t\t\t\t\t\t\t\t\t\t\t<img loading=\"lazy\" decoding=\"async\" width=\"300\" height=\"57\" src=\"https:\/\/taxfix.com.pl\/wp-content\/uploads\/2023\/08\/grafika_logo_paski.zlote-png-1-300x57.png\" class=\"attachment-medium size-medium wp-image-191\" alt=\"\" srcset=\"https:\/\/taxfix.com.pl\/wp-content\/uploads\/2023\/08\/grafika_logo_paski.zlote-png-1-300x57.png 300w, https:\/\/taxfix.com.pl\/wp-content\/uploads\/2023\/08\/grafika_logo_paski.zlote-png-1.png 600w\" sizes=\"auto, (max-width: 300px) 100vw, 300px\" \/>\t\t\t\t\t\t\t\t\t\t\t\t\t\t\t<\/div>\n\t\t\t\t<\/div>\n\t\t\t\t<div class=\"elementor-element elementor-element-7735dcf elementor-widget elementor-widget-counter\" data-id=\"7735dcf\" data-element_type=\"widget\" data-widget_type=\"counter.default\">\n\t\t\t\t<div class=\"elementor-widget-container\">\n\t\t\t\t\t<div class=\"elementor-counter\">\n\t\t\t<div class=\"elementor-counter-number-wrapper\">\n\t\t\t\t<span class=\"elementor-counter-number-prefix\"><\/span>\n\t\t\t\t<span class=\"elementor-counter-number\" data-duration=\"2000\" data-to-value=\"678\" data-from-value=\"0\">0<\/span>\n\t\t\t\t<span class=\"elementor-counter-number-suffix\"><\/span>\n\t\t\t<\/div>\n\t\t\t\t\t\t\t<div class=\"elementor-counter-title\">ZADOWOLONYCH KLIENT\u00d3W<\/div>\n\t\t\t\t\t<\/div>\n\t\t\t\t<\/div>\n\t\t\t\t<\/div>\n\t\t\t\t<\/div>\n\t\t<div class=\"elementor-element elementor-element-0211cd8 e-con-full e-flex e-con\" data-id=\"0211cd8\" data-element_type=\"container\" data-settings=\"{&quot;content_width&quot;:&quot;full&quot;}\">\n\t\t\t\t<div class=\"elementor-element elementor-element-b9ec0f7 elementor-widget elementor-widget-image\" data-id=\"b9ec0f7\" data-element_type=\"widget\" data-widget_type=\"image.default\">\n\t\t\t\t<div class=\"elementor-widget-container\">\n\t\t\t\t\t\t\t\t\t\t\t\t\t\t\t<img loading=\"lazy\" decoding=\"async\" width=\"300\" height=\"57\" src=\"https:\/\/taxfix.com.pl\/wp-content\/uploads\/2023\/08\/grafika_logo_paski.zlote-png-1-300x57.png\" class=\"attachment-medium size-medium wp-image-191\" alt=\"\" srcset=\"https:\/\/taxfix.com.pl\/wp-content\/uploads\/2023\/08\/grafika_logo_paski.zlote-png-1-300x57.png 300w, https:\/\/taxfix.com.pl\/wp-content\/uploads\/2023\/08\/grafika_logo_paski.zlote-png-1.png 600w\" sizes=\"auto, (max-width: 300px) 100vw, 300px\" \/>\t\t\t\t\t\t\t\t\t\t\t\t\t\t\t<\/div>\n\t\t\t\t<\/div>\n\t\t\t\t<div class=\"elementor-element elementor-element-0a46648 elementor-widget elementor-widget-counter\" data-id=\"0a46648\" data-element_type=\"widget\" data-widget_type=\"counter.default\">\n\t\t\t\t<div class=\"elementor-widget-container\">\n\t\t\t\t\t<div class=\"elementor-counter\">\n\t\t\t<div class=\"elementor-counter-number-wrapper\">\n\t\t\t\t<span class=\"elementor-counter-number-prefix\"><\/span>\n\t\t\t\t<span class=\"elementor-counter-number\" data-duration=\"2000\" data-to-value=\"798\" data-from-value=\"0\">0<\/span>\n\t\t\t\t<span class=\"elementor-counter-number-suffix\"><\/span>\n\t\t\t<\/div>\n\t\t\t\t\t\t\t<div class=\"elementor-counter-title\">PRZYGOTOWANYCH PLAN\u00d3W PODATKOWYCH<\/div>\n\t\t\t\t\t<\/div>\n\t\t\t\t<\/div>\n\t\t\t\t<\/div>\n\t\t\t\t<\/div>\n\t\t<div class=\"elementor-element elementor-element-2846105 e-con-full e-flex e-con\" data-id=\"2846105\" data-element_type=\"container\" data-settings=\"{&quot;content_width&quot;:&quot;full&quot;}\">\n\t\t\t\t<div class=\"elementor-element elementor-element-e1b217a elementor-widget elementor-widget-image\" data-id=\"e1b217a\" data-element_type=\"widget\" data-widget_type=\"image.default\">\n\t\t\t\t<div class=\"elementor-widget-container\">\n\t\t\t\t\t\t\t\t\t\t\t\t\t\t\t<img loading=\"lazy\" decoding=\"async\" width=\"698\" height=\"466\" src=\"https:\/\/taxfix.com.pl\/wp-content\/uploads\/2023\/08\/ZDJECIE-ZADOWOLONYCH-KLIENTOW.png\" class=\"attachment-large size-large wp-image-164\" alt=\"\" srcset=\"https:\/\/taxfix.com.pl\/wp-content\/uploads\/2023\/08\/ZDJECIE-ZADOWOLONYCH-KLIENTOW.png 698w, https:\/\/taxfix.com.pl\/wp-content\/uploads\/2023\/08\/ZDJECIE-ZADOWOLONYCH-KLIENTOW-300x200.png 300w\" sizes=\"auto, (max-width: 698px) 100vw, 698px\" \/>\t\t\t\t\t\t\t\t\t\t\t\t\t\t\t<\/div>\n\t\t\t\t<\/div>\n\t\t\t\t<\/div>\n\t\t<div class=\"elementor-element elementor-element-958640a e-con-full e-flex e-con\" data-id=\"958640a\" data-element_type=\"container\" data-settings=\"{&quot;content_width&quot;:&quot;full&quot;}\">\n\t\t\t\t<div class=\"elementor-element elementor-element-14c63a3 elementor-widget elementor-widget-image\" data-id=\"14c63a3\" data-element_type=\"widget\" data-widget_type=\"image.default\">\n\t\t\t\t<div class=\"elementor-widget-container\">\n\t\t\t\t\t\t\t\t\t\t\t\t\t\t\t<img decoding=\"async\" src=\"https:\/\/taxfix.com.pl\/wp-content\/uploads\/elementor\/thumbs\/piktogramy_nisko-qbc6vmj72fqt5gaw0q8p45stawfofyf6jtf8lzey6o.png\" title=\"\" alt=\"\" loading=\"lazy\" \/>\t\t\t\t\t\t\t\t\t\t\t\t\t\t\t<\/div>\n\t\t\t\t<\/div>\n\t\t\t\t<div class=\"elementor-element elementor-element-20bdeef elementor-widget elementor-widget-image\" data-id=\"20bdeef\" data-element_type=\"widget\" data-widget_type=\"image.default\">\n\t\t\t\t<div class=\"elementor-widget-container\">\n\t\t\t\t\t\t\t\t\t\t\t\t\t\t\t<img decoding=\"async\" src=\"https:\/\/taxfix.com.pl\/wp-content\/uploads\/elementor\/thumbs\/piktogramy_nisko-qbc6vmj72fqt5gaw0q8p45stawfofyf6jtf8lzey6o.png\" title=\"\" alt=\"\" loading=\"lazy\" \/>\t\t\t\t\t\t\t\t\t\t\t\t\t\t\t<\/div>\n\t\t\t\t<\/div>\n\t\t\t\t<div class=\"elementor-element elementor-element-1c935c1 elementor-widget elementor-widget-image\" data-id=\"1c935c1\" data-element_type=\"widget\" data-widget_type=\"image.default\">\n\t\t\t\t<div class=\"elementor-widget-container\">\n\t\t\t\t\t\t\t\t\t\t\t\t\t\t\t<img decoding=\"async\" src=\"https:\/\/taxfix.com.pl\/wp-content\/uploads\/elementor\/thumbs\/piktogramy_nisko-qbc6vmj72fqt5gaw0q8p45stawfofyf6jtf8lzey6o.png\" title=\"\" alt=\"\" loading=\"lazy\" \/>\t\t\t\t\t\t\t\t\t\t\t\t\t\t\t<\/div>\n\t\t\t\t<\/div>\n\t\t\t\t<\/div>\n\t\t<div class=\"elementor-element elementor-element-0b57cbe e-con-full e-flex e-con\" data-id=\"0b57cbe\" data-element_type=\"container\" data-settings=\"{&quot;content_width&quot;:&quot;full&quot;}\">\n\t\t\t\t<div class=\"elementor-element elementor-element-a2c1b6b elementor-widget elementor-widget-text-editor\" data-id=\"a2c1b6b\" data-element_type=\"widget\" data-widget_type=\"text-editor.default\">\n\t\t\t\t<div class=\"elementor-widget-container\">\n\t\t\t\t\t\t\t<p><strong>Zaufanie<\/strong><\/p><p>Decyduj\u0105c si\u0119 na nasze us\u0142ugi Klient uzyskuje pewno\u015b\u0107, \u017ce wsp\u00f3lnie wybierzemy drog\u0119 najlepsz\u0105 dla jego Firmy!<\/p>\t\t\t\t\t\t<\/div>\n\t\t\t\t<\/div>\n\t\t\t\t<div class=\"elementor-element elementor-element-ee5f1e9 elementor-widget elementor-widget-text-editor\" data-id=\"ee5f1e9\" data-element_type=\"widget\" data-widget_type=\"text-editor.default\">\n\t\t\t\t<div class=\"elementor-widget-container\">\n\t\t\t\t\t\t\t<p><strong>Dobro Klienta<\/strong><\/p><p>Wybieramy tylko takie rozwi\u0105zania, kt\u00f3re przynosz\u0105 maksymalne korzy\u015bci!<\/p>\t\t\t\t\t\t<\/div>\n\t\t\t\t<\/div>\n\t\t\t\t<div class=\"elementor-element elementor-element-33602d7 elementor-widget elementor-widget-text-editor\" data-id=\"33602d7\" data-element_type=\"widget\" data-widget_type=\"text-editor.default\">\n\t\t\t\t<div class=\"elementor-widget-container\">\n\t\t\t\t\t\t\t<p><strong>Do\u015bwiadczenie<\/strong><\/p><p>Nasz zesp\u00f3\u0142 ma wiedz\u0119 podatkow\u0105 ale jest stale uzupe\u0142niany przez prawnik\u00f3w z wielu dziedzin prawa!<\/p>\t\t\t\t\t\t<\/div>\n\t\t\t\t<\/div>\n\t\t\t\t<\/div>\n\t\t\t\t\t<\/div>\n\t\t\t\t<\/div>\n\t\t\t\t\t\t\t<\/div>\n\t\t","protected":false},"excerpt":{"rendered":"<p>Ius est ars boni et aequi OFERTA DORADZTWO PODATKOWEKSI\u0118GOWO\u015a\u0106SP\u00d3\u0141KI ZAGRANICZNE PODATKI PLANOWANIE PODATKOWECIT ESTO\u0143SKIFUNDACJA RODZINNADOCHODY TRANSGRANICZNEZMIANA REZYDENCJI PODATKOWEJ NOWE TECHNOLOGIE WALUTY WIRTUALNEOPODATKOWANIE ROBOT\u00d3WPODATKI GLOBALNE 0 ROZLICZONYCH FAKTUR 0 ZADOWOLONYCH KLIENT\u00d3W 0 PRZYGOTOWANYCH PLAN\u00d3W PODATKOWYCH Zaufanie Decyduj\u0105c si\u0119 na nasze us\u0142ugi Klient uzyskuje pewno\u015b\u0107, \u017ce wsp\u00f3lnie wybierzemy drog\u0119 najlepsz\u0105 dla jego Firmy! Dobro Klienta Wybieramy tylko &hellip;<\/p>\n<p class=\"read-more\"> <a class=\"\" href=\"https:\/\/taxfix.com.pl\/\"> <span class=\"screen-reader-text\">HOME<\/span> Read More &raquo;<\/a><\/p>\n","protected":false},"author":1,"featured_media":0,"parent":0,"menu_order":0,"comment_status":"closed","ping_status":"closed","template":"","meta":{"site-sidebar-layout":"no-sidebar","site-content-layout":"page-builder","ast-site-content-layout":"","site-content-style":"default","site-sidebar-style":"default","ast-global-header-display":"","ast-banner-title-visibility":"","ast-main-header-display":"","ast-hfb-above-header-display":"","ast-hfb-below-header-display":"","ast-hfb-mobile-header-display":"","site-post-title":"disabled","ast-breadcrumbs-content":"","ast-featured-img":"disabled","footer-sml-layout":"","theme-transparent-header-meta":"","adv-header-id-meta":"","stick-header-meta":"","header-above-stick-meta":"","header-main-stick-meta":"","header-below-stick-meta":"","astra-migrate-meta-layouts":"","_themeisle_gutenberg_block_has_review":false,"footnotes":""},"class_list":["post-10","page","type-page","status-publish","hentry"],"_links":{"self":[{"href":"https:\/\/taxfix.com.pl\/index.php\/wp-json\/wp\/v2\/pages\/10","targetHints":{"allow":["GET"]}}],"collection":[{"href":"https:\/\/taxfix.com.pl\/index.php\/wp-json\/wp\/v2\/pages"}],"about":[{"href":"https:\/\/taxfix.com.pl\/index.php\/wp-json\/wp\/v2\/types\/page"}],"author":[{"embeddable":true,"href":"https:\/\/taxfix.com.pl\/index.php\/wp-json\/wp\/v2\/users\/1"}],"replies":[{"embeddable":true,"href":"https:\/\/taxfix.com.pl\/index.php\/wp-json\/wp\/v2\/comments?post=10"}],"version-history":[{"count":147,"href":"https:\/\/taxfix.com.pl\/index.php\/wp-json\/wp\/v2\/pages\/10\/revisions"}],"predecessor-version":[{"id":426,"href":"https:\/\/taxfix.com.pl\/index.php\/wp-json\/wp\/v2\/pages\/10\/revisions\/426"}],"wp:attachment":[{"href":"https:\/\/taxfix.com.pl\/index.php\/wp-json\/wp\/v2\/media?parent=10"}],"curies":[{"name":"wp","href":"https:\/\/api.w.org\/{rel}","templated":true}]}}